{"id":26,"date":"2018-03-26T11:10:29","date_gmt":"2018-03-26T10:10:29","guid":{"rendered":"https:\/\/lebensraeume-aus-holz.de\/cms\/?page_id=26"},"modified":"2024-03-05T10:33:30","modified_gmt":"2024-03-05T09:33:30","slug":"energetische-gebaeudesanierung","status":"publish","type":"page","link":"https:\/\/lebensraeume-aus-holz.de\/cms\/energetische-gebaeudesanierung\/","title":{"rendered":"Energetische Geb\u00e4udesanierung"},"content":{"rendered":"<p>[vc_row][vc_column][vc_column_text css=&#8220;.vc_custom_1524819778853{margin-top: 50px !important;}&#8220;]<\/p>\n<h1>Energetische Geb\u00e4udesanierung<\/h1>\n<p>[\/vc_column_text][vc_column_text]<\/p>\n<p class=\"p1\"><span class=\"s1\">In Zeiten mit steigenden Energiepreisen gibt es durch energetische Sanierungen, z.B am Dach, Fassade oder auch am gesamten Geb\u00e4ude eine Menge Energiesparpotential.<\/span><\/p>\n<p class=\"p1\"><span class=\"s1\">Durch bestens geplante Sanierungen, die wir f\u00fcr Sie Planen, Ausf\u00fchren und Begleiten k\u00f6nnen, l\u00e4sst sich viel Geld w\u00e4hrend und nach der Bauphase sparen.<\/span><\/p>\n<p>[\/vc_column_text][\/vc_column][\/vc_row][vc_row css=&#8220;.vc_custom_1522747040291{margin-top: 100px !important;}&#8220;][vc_column css=&#8220;.vc_custom_1524818137190{margin-bottom: 50px !important;}&#8220;][vc_column_text]<\/p>\n<h3>Weitere Leistungen der Firma Holzbau K\u00fcppers in Talheim bei Heilbronn:<\/h3>\n<p>[\/vc_column_text][vc_wp_custommenu nav_menu=&#8220;5&#8243;][\/vc_column][\/vc_row]<\/p>\n","protected":false},"excerpt":{"rendered":"<p>[vc_row][vc_column][vc_column_text css=&#8220;.vc_custom_1524819778853{margin-top: 50px !important;}&#8220;] Energetische Geb\u00e4udesanierung [\/vc_column_text][vc_column_text] In Zeiten mit steigenden Energiepreisen gibt es durch energetische Sanierungen, z.B am Dach, Fassade oder auch am gesamten Geb\u00e4ude eine Menge Energiesparpotential. Durch bestens geplante Sanierungen, die wir f\u00fcr Sie Planen, Ausf\u00fchren und&#8230;<\/p>\n","protected":false},"author":2,"featured_media":0,"parent":0,"menu_order":30,"comment_status":"closed","ping_status":"closed","template":"","meta":{"footnotes":""},"class_list":["post-26","page","type-page","status-publish","hentry"],"aioseo_notices":[],"_links":{"self":[{"href":"https:\/\/lebensraeume-aus-holz.de\/cms\/wp-json\/wp\/v2\/pages\/26","targetHints":{"allow":["GET"]}}],"collection":[{"href":"https:\/\/lebensraeume-aus-holz.de\/cms\/wp-json\/wp\/v2\/pages"}],"about":[{"href":"https:\/\/lebensraeume-aus-holz.de\/cms\/wp-json\/wp\/v2\/types\/page"}],"author":[{"embeddable":true,"href":"https:\/\/lebensraeume-aus-holz.de\/cms\/wp-json\/wp\/v2\/users\/2"}],"replies":[{"embeddable":true,"href":"https:\/\/lebensraeume-aus-holz.de\/cms\/wp-json\/wp\/v2\/comments?post=26"}],"version-history":[{"count":13,"href":"https:\/\/lebensraeume-aus-holz.de\/cms\/wp-json\/wp\/v2\/pages\/26\/revisions"}],"predecessor-version":[{"id":776,"href":"https:\/\/lebensraeume-aus-holz.de\/cms\/wp-json\/wp\/v2\/pages\/26\/revisions\/776"}],"wp:attachment":[{"href":"https:\/\/lebensraeume-aus-holz.de\/cms\/wp-json\/wp\/v2\/media?parent=26"}],"curies":[{"name":"wp","href":"https:\/\/api.w.org\/{rel}","templated":true}]}}